{"id":7215,"date":"2021-09-23T13:37:04","date_gmt":"2021-09-23T11:37:04","guid":{"rendered":"http:\/\/165.22.27.25\/politica-de-cookies\/"},"modified":"2021-09-23T13:47:12","modified_gmt":"2021-09-23T11:47:12","slug":"cookies","status":"publish","type":"page","link":"https:\/\/deventerconsulting.com\/de\/cookies\/","title":{"rendered":"Cookies"},"content":{"rendered":"<h1 style=\"text-align: left;\"><strong>Pol\u00edtica de cookies<\/strong><\/h1>\n<p>Esta p\u00e1gina web utiliza cookies para mejorar la experiencia del usuario. A continuaci\u00f3n, encontrar\u00e1 informaci\u00f3n sobre qu\u00e9 son las cookies, qu\u00e9 tipo de cookies utiliza esta p\u00e1gina, como puede desactivar cookies en su navegador y como desactivar espec\u00edficamente la instalaci\u00f3n de cookies de terceros. Si no encuentra la informaci\u00f3n espec\u00edfica que usted est\u00e1 buscando, por favor env\u00ede un correo a info@deventerconsulting.cat.<\/p>\n<p><strong>ANTECEDENTES<\/strong><\/p>\n<p>De conformidad con la normativa espa\u00f1ola que regula el uso de las cookies en relaci\u00f3n a la prestaci\u00f3n de servicios de comunicaciones electr\u00f3nicas, recogida en el Real Decreto Ley 13\/2012 de 30 de marzo, le informamos sobre las cookies utilizadas en la web de Deventer Consulting SLP (en adelante tambi\u00e9n el prestador) y el motivo de su uso. Asimismo, le informamos que al navegar en el sitio Web usted est\u00e1 prestando su consentimiento para poder utilizarlas.<br \/>\nDe conformidad con la normativa espa\u00f1ola que regula el uso de las cookies en relaci\u00f3n a la prestaci\u00f3n de servicios de comunicaciones electr\u00f3nicas, recogida en el Real Decreto Ley 13\/2012 de 30 de marzo, le informamos sobre las cookies utilizadas en la web de Deventer Consulting SLP (en adelante tambi\u00e9n el prestador) y el motivo de su uso. Asimismo, le informamos que al navegar en el sitio Web usted est\u00e1 prestando su consentimiento para poder utilizarlas.<\/p>\n<p><strong>\u00bfQU\u00c9 SON LAS COOKIES?<\/strong><br \/>\nUna cookie es un archivo que se descarga en su ordenador cuando accede a determinadas p\u00e1ginas web. Las cookies permiten a una web, entre otras cosas, almacenar y recuperar informaci\u00f3n sobre los h\u00e1bitos de navegaci\u00f3n de un usuario o de su equipo y, dependiendo de la informaci\u00f3n que contengan y de la forma en que utilice su equipo, pueden utilizarse para reconocer al usuario. Las cookies se asocian \u00fanicamente a un usuario an\u00f3nimo y su ordenador o dispositivo y no proporcionan referencias que permitan conocer sus datos personales.<\/p>\n<p><strong>COOKIES AFECTADAS POR LA NORMATIVA Y COOKIES EXENTAS<\/strong><br \/>\nSeg\u00fan la directiva de la UE, las cookies que requieren el consentimiento informado por parte del usuario son las cookies de anal\u00edtica y las de publicidad y afiliaci\u00f3n, quedando exceptuadas las de car\u00e1cter t\u00e9cnico y las necesarias para el funcionamiento del sitio web o la prestaci\u00f3n de servicios expresamente solicitados por el usuario.<\/p>\n<p><strong>TIPO DE COOKIES<\/strong><br \/>\na) Seg\u00fan la entidad que las gestione, hay Cookies propias (aquellas que se env\u00edan al equipo terminal del usuario desde un equipo o dominio gestionado por el propio editor &#8211; desde donde este presta el servicio solo TEXTO por el usuario-) y Cookies de terceros (aquellas que se env\u00edan al equipo terminal del usuario desde un equipo o dominio que no es gestionado por el editor sino por un tercero).<br \/>\nb) Seg\u00fan el tiempo que permanecen activas, Cookies de sesi\u00f3n (dise\u00f1adas para recopilar y almacenar datos mientras el usuario accede a la web) y Cookies persistentes (los datos siguen almacenados en el terminal y pueden ser accedidas y tratados durante un per\u00edodo definido por el responsable de la cookie).<br \/>\nc) Seg\u00fan la finalidad para la que tratan la informaci\u00f3n que recopilan, pueden ser:<br \/>\n&#8211; Cookies t\u00e9cnicas (necesarias para el uso de la web y la prestaci\u00f3n del servicio contratado),<br \/>\n&#8211; Cookies de personalizaci\u00f3n (permiten al usuario acceder al servicio con caracter\u00edsticas de car\u00e1cter general predefinidas como por ejemplo el idioma, el tipo de navegador, la configuraci\u00f3n regional, etc.),<br \/>\n&#8211; Cookies de an\u00e1lisis (recogen informaci\u00f3n del uso que se realiza en la web),<br \/>\n&#8211; Cookies publicitarias (recogen informaci\u00f3n sobre las preferencias y elecciones personales de los usuarios),<br \/>\n&#8211; Cookies de afiliados (permiten hacer un seguimiento de las visitas procedentes de otras webs, con las que el sitio web establece un contrato de afiliaci\u00f3n (empresas de afiliaci\u00f3n).<\/p>\n<p><strong>TIPO DE COOKIES UTILIZADAS POR ESTA WEB<\/strong><br \/>\nLas cookies utilizadas en esta web son de sesi\u00f3n y t\u00e9cnicas, y nos permiten almacenar y acceder a informaci\u00f3n relativa al idioma, el tipo de navegador utilizado y otras caracter\u00edsticas generales predefinidas por el usuario, as\u00ed como seguir y analizar la actividad que lleva a cabo, con el objeto de introducir mejoras y prestar nuestros servicios de una manera m\u00e1s eficiente y personalizada. Las cookies utilizadas tienen, en todo caso, car\u00e1cter temporal, con la \u00fanica finalidad de hacer m\u00e1s eficaz la navegaci\u00f3n, y desaparecen al terminar la sesi\u00f3n del usuario. En ning\u00fan caso, estas cookies proporcionan por s\u00ed mismas datos de car\u00e1cter personal y no se utilizar\u00e1n para la recogida de las mismas.<br \/>\nLa utilizaci\u00f3n de las cookies ofrece ventajas dado que:<br \/>\n&#8211; facilita al usuario la navegaci\u00f3n y el acceso a los diferentes servicios que ofrece la web;<br \/>\n&#8211; evita al usuario tener que configurar las caracter\u00edsticas generales predefinidas cada vez que acceda a la web; y<br \/>\n&#8211; favorece la mejora del funcionamiento y de los servicios prestados a trav\u00e9s de esta web, tras el correspondiente an\u00e1lisis de la informaci\u00f3n obtenida a trav\u00e9s de las cookies instaladas<\/p>\n<p>Al acceder a la web se le informa que si sigue navegando dentro de la misma se le instalar\u00e1n varias cookies de terceros consintiendo as\u00ed la instalaci\u00f3n de \u00e9stas, que tendr\u00e1n como \u00fanica finalidad la de registrar el acceso a la web para la realizaci\u00f3n de estad\u00edsticas sobre las visitas, recopilando informaci\u00f3n siempre de forma an\u00f3nima. No es necesario que acepte la instalaci\u00f3n de estas cookies, podr\u00e1 navegar igualmente por toda nuestra web.<br \/>\nEn varias secciones de la web se podr\u00e1n instalar cookies de terceros, en concreto las siguientes:<br \/>\n\u2022 Cookie de Twitter, seg\u00fan lo dispuesto en su pol\u00edtica de privacidad y uso de cookies.<br \/>\n\u2022 Cookie de Facebook, seg\u00fan lo dispuesto en su pol\u00edtica de cookies.<br \/>\n\u2022 Cookie de Linkedin, seg\u00fan lo dispuesto en su uso de las cookies.<br \/>\n\u2022 Cookie de Google+ y Google Maps, seg\u00fan lo dispuesto en su p\u00e1gina sobre qu\u00e9 tipo de cookies utilizan.<\/p>\n<p><strong>REVOCACI\u00d3N<\/strong><br \/>\nEn todo momento podr\u00e1 acceder a la configuraci\u00f3n de su navegador aceptando o rechazando todas las cookies, o bien seleccionando aquellas la instalaci\u00f3n de las que admite y cu\u00e1les no, siguiendo uno de los siguientes procedimientos (depender\u00e1 del navegador que utilice):<br \/>\nGoogle Chrome: https:\/\/support.google.com\/chrome\/answer\/95647?co=GENIE.Platform%3DDesktopandhl=es<br \/>\nMicrosoft Internet Explorer: https:\/\/support.microsoft.com\/es-es\/help\/17442\/windows-internet-explorer-delete-manage-cookies<br \/>\nFirefox: https:\/\/support.mozilla.org\/es\/kb\/habilitar-y-deshabilitar-cookies-sitios-web-rastrear-preferencias<br \/>\nSafari, iPad y iPhone: https:\/\/support.apple.com\/kb\/ph21411?locale=es_ES<br \/>\nOpera: http:\/\/help.opera.com\/Linux\/10.60\/es-ES\/cookies.html<\/p>\n<p><strong>DESACTIVACI\u00d3N \/ ACTIVACI\u00d3N Y ELIMINACI\u00d3N DE COOKIES<\/strong><br \/>\nPara restringir o bloquear las cookies, se debe hacer a trav\u00e9s de la configuraci\u00f3n del navegador.<br \/>\nSi no desea que los sitios web instalen cookies en su equipo, puede adaptar la configuraci\u00f3n del navegador de modo que se le notifique antes no se instale ning\u00fan cookie. De igual manera, puede adaptar la configuraci\u00f3n de forma que el navegador rechace todas las cookies, o \u00fanicamente las cookies de terceros. Tambi\u00e9n puede eliminar cualquiera de las cookies que ya se encuentren en el equipo. Tenga en cuenta que tendr\u00e1 que adaptarse por separado la configuraci\u00f3n de cada navegador y equipo que utilice.<br \/>\nDebe tener en cuenta que si no desea recibir cookies, ya no podremos garantizar que nuestro sitio web funcione debidamente. Quiz\u00e1 algunas funciones del sitio se pierdan y es posible que ya no pueda ver ciertos sitios web. Adem\u00e1s, rechaz\u00f3 las cookies no significa que ya no vaya a ver anuncios publicitarios. Simplemente los anuncios no se ajustar\u00e1n a sus intereses y se repetir\u00e1n con m\u00e1s frecuencia.<br \/>\nCada navegador tiene un m\u00e9todo diferente para adaptar la configuraci\u00f3n. Si fuera necesario, consulte la funci\u00f3n de ayuda del navegador para establecer la configuraci\u00f3n correcta.<br \/>\nPara desactivar las cookies en el tel\u00e9fono m\u00f3vil, consulte el manual del dispositivo para m\u00e1s informaci\u00f3n.<br \/>\nTambi\u00e9n puede obtener m\u00e1s informaci\u00f3n sobre las cookies en Internet en el siguiente enlace: http:\/\/www.aboutcookies.org\/.<br \/>\nTeniendo en cuenta la forma en la que funciona Internet y las p\u00e1ginas web, no siempre contamos con informaci\u00f3n de las cookies que colocan terceras partes a trav\u00e9s de nuestra web. Esto se aplica especialmente a casos en los que nuestra p\u00e1gina contiene lo que se denominan elementos integrados: textos, documentos, im\u00e1genes o breves pel\u00edculas que se almacenan en otro lugar, pero se muestran en nuestro web.<\/p>\n<p>Si es el caso que se encuentra con este tipo de cookies y no est\u00e1n enumeradas en nuestro listado anterior, le rogamos nos lo comunique, o bien p\u00f3ngase directamente en contacto con el tercero para pedirle informaci\u00f3n sobre las cookies que coloca, la finalidad y la duraci\u00f3n de la cookie, y como garantiza su privacidad.<\/p>\n","protected":false},"excerpt":{"rendered":"<p>Pol\u00edtica de cookies Esta p\u00e1gina web utiliza cookies para mejorar la experiencia del usuario. A continuaci\u00f3n, encontrar\u00e1 informaci\u00f3n sobre qu\u00e9 son las cookies, qu\u00e9 tipo de cookies utiliza esta p\u00e1gina,&#8230;<\/p>\n","protected":false},"author":2,"featured_media":0,"parent":0,"menu_order":0,"comment_status":"closed","ping_status":"closed","template":"","meta":{"footnotes":""},"yoast_head":"<!-- This site is optimized with the Yoast SEO plugin v23.5 - https:\/\/yoast.com\/wordpress\/plugins\/seo\/ -->\n<title>Cookies - Deventer Consulting<\/title>\n<meta name=\"description\" content=\"Hier finden Sie unsere Cookie-Richtlinie bei Deventer Consulting.\" \/>\n<meta name=\"robots\" content=\"index, follow, max-snippet:-1, max-image-preview:large, max-video-preview:-1\" \/>\n<link rel=\"canonical\" href=\"https:\/\/deventerconsulting.com\/de\/cookies\/\" \/>\n<meta property=\"og:locale\" content=\"de_DE\" \/>\n<meta property=\"og:type\" content=\"article\" \/>\n<meta property=\"og:title\" content=\"Cookies - Deventer Consulting\" \/>\n<meta property=\"og:description\" content=\"Hier finden Sie unsere Cookie-Richtlinie bei Deventer Consulting.\" \/>\n<meta property=\"og:url\" content=\"https:\/\/deventerconsulting.com\/de\/cookies\/\" \/>\n<meta property=\"og:site_name\" content=\"Deventer Consulting\" \/>\n<meta property=\"article:modified_time\" content=\"2021-09-23T11:47:12+00:00\" \/>\n<meta name=\"twitter:card\" content=\"summary_large_image\" \/>\n<meta name=\"twitter:label1\" content=\"Gesch\u00e4tzte Lesezeit\" \/>\n\t<meta name=\"twitter:data1\" content=\"8\u00a0Minuten\" \/>\n<script type=\"application\/ld+json\" class=\"yoast-schema-graph\">{\"@context\":\"https:\/\/schema.org\",\"@graph\":[{\"@type\":\"WebPage\",\"@id\":\"https:\/\/deventerconsulting.com\/de\/cookies\/\",\"url\":\"https:\/\/deventerconsulting.com\/de\/cookies\/\",\"name\":\"Cookies - Deventer Consulting\",\"isPartOf\":{\"@id\":\"https:\/\/deventerconsulting.com\/#website\"},\"datePublished\":\"2021-09-23T11:37:04+00:00\",\"dateModified\":\"2021-09-23T11:47:12+00:00\",\"description\":\"Hier finden Sie unsere Cookie-Richtlinie bei Deventer Consulting.\",\"breadcrumb\":{\"@id\":\"https:\/\/deventerconsulting.com\/de\/cookies\/#breadcrumb\"},\"inLanguage\":\"de\",\"potentialAction\":[{\"@type\":\"ReadAction\",\"target\":[\"https:\/\/deventerconsulting.com\/de\/cookies\/\"]}]},{\"@type\":\"BreadcrumbList\",\"@id\":\"https:\/\/deventerconsulting.com\/de\/cookies\/#breadcrumb\",\"itemListElement\":[{\"@type\":\"ListItem\",\"position\":1,\"name\":\"Portada\",\"item\":\"https:\/\/deventerconsulting.com\/de\/\"},{\"@type\":\"ListItem\",\"position\":2,\"name\":\"Cookies\"}]},{\"@type\":\"WebSite\",\"@id\":\"https:\/\/deventerconsulting.com\/#website\",\"url\":\"https:\/\/deventerconsulting.com\/\",\"name\":\"Deventer Consulting\",\"description\":\"Gestor\u00eda de contabilidad internacional en Barcelona\",\"potentialAction\":[{\"@type\":\"SearchAction\",\"target\":{\"@type\":\"EntryPoint\",\"urlTemplate\":\"https:\/\/deventerconsulting.com\/?s={search_term_string}\"},\"query-input\":{\"@type\":\"PropertyValueSpecification\",\"valueRequired\":true,\"valueName\":\"search_term_string\"}}],\"inLanguage\":\"de\"}]}<\/script>\n<!-- \/ Yoast SEO plugin. -->","yoast_head_json":{"title":"Cookies - Deventer Consulting","description":"Hier finden Sie unsere Cookie-Richtlinie bei Deventer Consulting.","robots":{"index":"index","follow":"follow","max-snippet":"max-snippet:-1","max-image-preview":"max-image-preview:large","max-video-preview":"max-video-preview:-1"},"canonical":"https:\/\/deventerconsulting.com\/de\/cookies\/","og_locale":"de_DE","og_type":"article","og_title":"Cookies - Deventer Consulting","og_description":"Hier finden Sie unsere Cookie-Richtlinie bei Deventer Consulting.","og_url":"https:\/\/deventerconsulting.com\/de\/cookies\/","og_site_name":"Deventer Consulting","article_modified_time":"2021-09-23T11:47:12+00:00","twitter_card":"summary_large_image","twitter_misc":{"Gesch\u00e4tzte Lesezeit":"8\u00a0Minuten"},"schema":{"@context":"https:\/\/schema.org","@graph":[{"@type":"WebPage","@id":"https:\/\/deventerconsulting.com\/de\/cookies\/","url":"https:\/\/deventerconsulting.com\/de\/cookies\/","name":"Cookies - Deventer Consulting","isPartOf":{"@id":"https:\/\/deventerconsulting.com\/#website"},"datePublished":"2021-09-23T11:37:04+00:00","dateModified":"2021-09-23T11:47:12+00:00","description":"Hier finden Sie unsere Cookie-Richtlinie bei Deventer Consulting.","breadcrumb":{"@id":"https:\/\/deventerconsulting.com\/de\/cookies\/#breadcrumb"},"inLanguage":"de","potentialAction":[{"@type":"ReadAction","target":["https:\/\/deventerconsulting.com\/de\/cookies\/"]}]},{"@type":"BreadcrumbList","@id":"https:\/\/deventerconsulting.com\/de\/cookies\/#breadcrumb","itemListElement":[{"@type":"ListItem","position":1,"name":"Portada","item":"https:\/\/deventerconsulting.com\/de\/"},{"@type":"ListItem","position":2,"name":"Cookies"}]},{"@type":"WebSite","@id":"https:\/\/deventerconsulting.com\/#website","url":"https:\/\/deventerconsulting.com\/","name":"Deventer Consulting","description":"Gestor\u00eda de contabilidad internacional en Barcelona","potentialAction":[{"@type":"SearchAction","target":{"@type":"EntryPoint","urlTemplate":"https:\/\/deventerconsulting.com\/?s={search_term_string}"},"query-input":{"@type":"PropertyValueSpecification","valueRequired":true,"valueName":"search_term_string"}}],"inLanguage":"de"}]}},"_links":{"self":[{"href":"https:\/\/deventerconsulting.com\/de\/wp-json\/wp\/v2\/pages\/7215"}],"collection":[{"href":"https:\/\/deventerconsulting.com\/de\/wp-json\/wp\/v2\/pages"}],"about":[{"href":"https:\/\/deventerconsulting.com\/de\/wp-json\/wp\/v2\/types\/page"}],"author":[{"embeddable":true,"href":"https:\/\/deventerconsulting.com\/de\/wp-json\/wp\/v2\/users\/2"}],"replies":[{"embeddable":true,"href":"https:\/\/deventerconsulting.com\/de\/wp-json\/wp\/v2\/comments?post=7215"}],"version-history":[{"count":1,"href":"https:\/\/deventerconsulting.com\/de\/wp-json\/wp\/v2\/pages\/7215\/revisions"}],"predecessor-version":[{"id":7219,"href":"https:\/\/deventerconsulting.com\/de\/wp-json\/wp\/v2\/pages\/7215\/revisions\/7219"}],"wp:attachment":[{"href":"https:\/\/deventerconsulting.com\/de\/wp-json\/wp\/v2\/media?parent=7215"}],"curies":[{"name":"wp","href":"https:\/\/api.w.org\/{rel}","templated":true}]}}