{"id":20831,"date":"2023-01-13T20:31:19","date_gmt":"2023-01-13T19:31:19","guid":{"rendered":"https:\/\/deventerconsulting.com\/descargo-de-responsabilidad\/"},"modified":"2023-01-13T20:38:39","modified_gmt":"2023-01-13T19:38:39","slug":"descargo-de-responsabilidad","status":"publish","type":"page","link":"https:\/\/deventerconsulting.com\/de\/descargo-de-responsabilidad\/","title":{"rendered":"Descargo de responsabilidad"},"content":{"rendered":"\n<!-- Legal document generated by Complianz | GDPR\/CCPA Cookie Consent https:\/\/wordpress.org\/plugins\/complianz-gdpr -->\n<div id=\"cmplz-document\" class=\"cmplz-document disclaimer cmplz-document-all\"><p>DEVENTER CONSULTING S.L.P. ist dazu verpflichtet, diese Website aktuell und akkurat zu halten. Solltest du dennoch auf irgendetwas sto\u00dfen, das veraltet oder inkorrekt ist, w\u00fcrden wir es sch\u00e4tzen, wenn du es uns wissen l\u00e4sst. Bitte weise darauf hin, wo du auf der Seite die Information gelesen hast. Wir werden uns dann so schnell wie m\u00f6glich darum k\u00fcmmern. Bitte sende deine R\u00fcckmeldung an: in&#102;o&#064;&#100;e&#118;en&#116;erco&#110;&#115;&#117;l&#116;in&#103;.&#099;a&#116;.<\/p><p>Wir \u00fcbernehmen keine Haftung f\u00fcr aus Ungenauigkeit oder Unvollst\u00e4ndigkeit resultierenden Verluste, noch f\u00fcr entstehende Verluste oder Verbreitung von Informationen durch das Internet, wie St\u00f6rungen oder Unterbrechungen. Bei der Verwendung von Internetfomularen streben wir danach die Anzahl der ben\u00f6tigten Felder zu minimieren. F\u00fcr jegliche Verluste die aus der Verwendung von DEVENTER CONSULTING S.L.P. empfohlener oder stammender Daten, Hinweisen oder Ideen \u00fcbernimmt DEVENTER CONSULTING S.L.P. keine Haftung.<\/p><p>\u00dcber E-Mail oder mittels eines Internetfomulars versendete Antworten und Datenschutzanfragen werden in gleicher Weise wie Briefe behandelt. Dies bedeutet, dass du sp\u00e4testens innerhalb eines Monats mit einer Antwort von uns rechnen kannst. Im Falle umfangreicher Anfragen werden wir dich innerhalb eines Monats wissen lassen ob wir ein Maximum von drei Monaten ben\u00f6tigen.<\/p><p>Jegliche pers\u00f6nliche Information welche du uns innerhalb des Kontexts deiner Antwort oder deinem Antrag zur Verf\u00fcgung stellst, wird ausschlie\u00dflich gem\u00e4\u00df unserer Datenschutzerkl\u00e4rung genutzt.<\/p><p>DEVENTER CONSULTING S.L.P. \u00fcbernimmt keine Verantwortung f\u00fcr den Inhalt von Websites, zu denen oder von denen ein Hyperlink oder eine anderer Verweis f\u00fchrt. Produkte oder Serviceleistungen, die von Drittanbieten angeboten werden, werden nach entsprechenden Bedingungen und Konditionen jener Drittanbieter behandelt werden.<\/p><p>Unsere Angestellten unternehmen alle Anstrengungen um Zugriff auf unsere Website zu garantieren und st\u00e4ndig zu verbessern. Ebenso f\u00fcr Personen die aufgrund einer Behinderung spezielle Software verwenden.<\/p><p>Jegliches intellektuelle Eigentumsrecht an Inhalten auf dieser Website ist im Besitz von Drittanbietern, welche diese Inhalte selbst platziert haben, oder von denen DEVENTER CONSULTING S.L.P. \u00fcber eine Endnutzer-Lizenzvereinbarung verf\u00fcgt.<\/p><p>Das Kopieren, Verbreiten oder jegliche andere Nutzung dieses Materials ist ohne die schriftliche Erlaubnis von DEVENTER CONSULTING S.L.P. nicht gestattet, sofern in geltendem Gesetz nicht anders vereinbart oder ausgenommen (wie etwa das Recht zu zitieren), solang der spezifische Inhalt nichts anderes vorschreibt.<\/p><p>Wenn du Fragen oder Probleme mit der Verf\u00fcgbarkeit der Website hast, z\u00f6gere nicht uns zu kontaktieren.<\/p><\/div>\n","protected":false},"excerpt":{"rendered":"DEVENTER CONSULTING S.L.P. ist dazu verpflichtet, diese Website aktuell und akkurat zu halten. Solltest du dennoch auf irgendetwas sto\u00dfen, das veraltet oder inkorrekt ist, w\u00fcrden wir es sch\u00e4tzen, wenn du...","protected":false},"author":5,"featured_media":0,"parent":0,"menu_order":0,"comment_status":"closed","ping_status":"closed","template":"","meta":{"footnotes":""},"yoast_head":"<!-- This site is optimized with the Yoast SEO plugin v23.5 - https:\/\/yoast.com\/wordpress\/plugins\/seo\/ -->\n<title>Descargo de responsabilidad - Deventer Consulting<\/title>\n<meta name=\"robots\" content=\"index, follow, max-snippet:-1, max-image-preview:large, max-video-preview:-1\" \/>\n<link rel=\"canonical\" href=\"https:\/\/deventerconsulting.com\/de\/descargo-de-responsabilidad\/\" \/>\n<meta property=\"og:locale\" content=\"de_DE\" \/>\n<meta property=\"og:type\" content=\"article\" \/>\n<meta property=\"og:title\" content=\"Descargo de responsabilidad - Deventer Consulting\" \/>\n<meta property=\"og:url\" content=\"https:\/\/deventerconsulting.com\/de\/descargo-de-responsabilidad\/\" \/>\n<meta property=\"og:site_name\" content=\"Deventer Consulting\" \/>\n<meta property=\"article:modified_time\" content=\"2023-01-13T19:38:39+00:00\" \/>\n<meta name=\"twitter:card\" content=\"summary_large_image\" \/>\n<script type=\"application\/ld+json\" class=\"yoast-schema-graph\">{\"@context\":\"https:\/\/schema.org\",\"@graph\":[{\"@type\":\"WebPage\",\"@id\":\"https:\/\/deventerconsulting.com\/de\/descargo-de-responsabilidad\/\",\"url\":\"https:\/\/deventerconsulting.com\/de\/descargo-de-responsabilidad\/\",\"name\":\"Descargo de responsabilidad - Deventer Consulting\",\"isPartOf\":{\"@id\":\"https:\/\/deventerconsulting.com\/#website\"},\"datePublished\":\"2023-01-13T19:31:19+00:00\",\"dateModified\":\"2023-01-13T19:38:39+00:00\",\"breadcrumb\":{\"@id\":\"https:\/\/deventerconsulting.com\/de\/descargo-de-responsabilidad\/#breadcrumb\"},\"inLanguage\":\"de\",\"potentialAction\":[{\"@type\":\"ReadAction\",\"target\":[\"https:\/\/deventerconsulting.com\/de\/descargo-de-responsabilidad\/\"]}]},{\"@type\":\"BreadcrumbList\",\"@id\":\"https:\/\/deventerconsulting.com\/de\/descargo-de-responsabilidad\/#breadcrumb\",\"itemListElement\":[{\"@type\":\"ListItem\",\"position\":1,\"name\":\"Portada\",\"item\":\"https:\/\/deventerconsulting.com\/de\/\"},{\"@type\":\"ListItem\",\"position\":2,\"name\":\"Descargo de responsabilidad\"}]},{\"@type\":\"WebSite\",\"@id\":\"https:\/\/deventerconsulting.com\/#website\",\"url\":\"https:\/\/deventerconsulting.com\/\",\"name\":\"Deventer Consulting\",\"description\":\"Gestor\u00eda de contabilidad internacional en Barcelona\",\"potentialAction\":[{\"@type\":\"SearchAction\",\"target\":{\"@type\":\"EntryPoint\",\"urlTemplate\":\"https:\/\/deventerconsulting.com\/?s={search_term_string}\"},\"query-input\":{\"@type\":\"PropertyValueSpecification\",\"valueRequired\":true,\"valueName\":\"search_term_string\"}}],\"inLanguage\":\"de\"}]}<\/script>\n<!-- \/ Yoast SEO plugin. -->","yoast_head_json":{"title":"Descargo de responsabilidad - Deventer Consulting","robots":{"index":"index","follow":"follow","max-snippet":"max-snippet:-1","max-image-preview":"max-image-preview:large","max-video-preview":"max-video-preview:-1"},"canonical":"https:\/\/deventerconsulting.com\/de\/descargo-de-responsabilidad\/","og_locale":"de_DE","og_type":"article","og_title":"Descargo de responsabilidad - Deventer Consulting","og_url":"https:\/\/deventerconsulting.com\/de\/descargo-de-responsabilidad\/","og_site_name":"Deventer Consulting","article_modified_time":"2023-01-13T19:38:39+00:00","twitter_card":"summary_large_image","schema":{"@context":"https:\/\/schema.org","@graph":[{"@type":"WebPage","@id":"https:\/\/deventerconsulting.com\/de\/descargo-de-responsabilidad\/","url":"https:\/\/deventerconsulting.com\/de\/descargo-de-responsabilidad\/","name":"Descargo de responsabilidad - Deventer Consulting","isPartOf":{"@id":"https:\/\/deventerconsulting.com\/#website"},"datePublished":"2023-01-13T19:31:19+00:00","dateModified":"2023-01-13T19:38:39+00:00","breadcrumb":{"@id":"https:\/\/deventerconsulting.com\/de\/descargo-de-responsabilidad\/#breadcrumb"},"inLanguage":"de","potentialAction":[{"@type":"ReadAction","target":["https:\/\/deventerconsulting.com\/de\/descargo-de-responsabilidad\/"]}]},{"@type":"BreadcrumbList","@id":"https:\/\/deventerconsulting.com\/de\/descargo-de-responsabilidad\/#breadcrumb","itemListElement":[{"@type":"ListItem","position":1,"name":"Portada","item":"https:\/\/deventerconsulting.com\/de\/"},{"@type":"ListItem","position":2,"name":"Descargo de responsabilidad"}]},{"@type":"WebSite","@id":"https:\/\/deventerconsulting.com\/#website","url":"https:\/\/deventerconsulting.com\/","name":"Deventer Consulting","description":"Gestor\u00eda de contabilidad internacional en Barcelona","potentialAction":[{"@type":"SearchAction","target":{"@type":"EntryPoint","urlTemplate":"https:\/\/deventerconsulting.com\/?s={search_term_string}"},"query-input":{"@type":"PropertyValueSpecification","valueRequired":true,"valueName":"search_term_string"}}],"inLanguage":"de"}]}},"_links":{"self":[{"href":"https:\/\/deventerconsulting.com\/de\/wp-json\/wp\/v2\/pages\/20831"}],"collection":[{"href":"https:\/\/deventerconsulting.com\/de\/wp-json\/wp\/v2\/pages"}],"about":[{"href":"https:\/\/deventerconsulting.com\/de\/wp-json\/wp\/v2\/types\/page"}],"author":[{"embeddable":true,"href":"https:\/\/deventerconsulting.com\/de\/wp-json\/wp\/v2\/users\/5"}],"replies":[{"embeddable":true,"href":"https:\/\/deventerconsulting.com\/de\/wp-json\/wp\/v2\/comments?post=20831"}],"version-history":[{"count":1,"href":"https:\/\/deventerconsulting.com\/de\/wp-json\/wp\/v2\/pages\/20831\/revisions"}],"predecessor-version":[{"id":20835,"href":"https:\/\/deventerconsulting.com\/de\/wp-json\/wp\/v2\/pages\/20831\/revisions\/20835"}],"wp:attachment":[{"href":"https:\/\/deventerconsulting.com\/de\/wp-json\/wp\/v2\/media?parent=20831"}],"curies":[{"name":"wp","href":"https:\/\/api.w.org\/{rel}","templated":true}]}}