{"id":7198,"date":"2016-07-20T15:03:22","date_gmt":"2016-07-20T15:03:22","guid":{"rendered":"http:\/\/165.22.27.25\/aviso-legal\/"},"modified":"2023-01-05T16:23:23","modified_gmt":"2023-01-05T15:23:23","slug":"avis-legal","status":"publish","type":"page","link":"https:\/\/deventerconsulting.com\/ca\/avis-legal\/","title":{"rendered":"Av\u00eds legal"},"content":{"rendered":"[vc_row type=&#8221;in_container&#8221; full_screen_row_position=&#8221;middle&#8221; column_margin=&#8221;default&#8221; column_direction=&#8221;default&#8221; column_direction_tablet=&#8221;default&#8221; column_direction_phone=&#8221;default&#8221; scene_position=&#8221;center&#8221; text_color=&#8221;dark&#8221; text_align=&#8221;left&#8221; row_border_radius=&#8221;none&#8221; row_border_radius_applies=&#8221;bg&#8221; id=&#8221;disclaimer&#8221; overlay_strength=&#8221;0.3&#8243; gradient_direction=&#8221;left_to_right&#8221; shape_divider_position=&#8221;bottom&#8221; bg_image_animation=&#8221;none&#8221;][vc_column column_padding=&#8221;no-extra-padding&#8221; column_padding_tablet=&#8221;inherit&#8221; column_padding_phone=&#8221;inherit&#8221; column_padding_position=&#8221;all&#8221; background_color_opacity=&#8221;1&#8243; background_hover_color_opacity=&#8221;1&#8243; column_shadow=&#8221;none&#8221; column_border_radius=&#8221;none&#8221; column_link_target=&#8221;_self&#8221; gradient_direction=&#8221;left_to_right&#8221; overlay_strength=&#8221;0.3&#8243; width=&#8221;1\/1&#8243; tablet_width_inherit=&#8221;default&#8221; tablet_text_alignment=&#8221;default&#8221; phone_text_alignment=&#8221;default&#8221; column_border_width=&#8221;none&#8221; column_border_style=&#8221;solid&#8221; bg_image_animation=&#8221;none&#8221;][vc_column_text]\n<h1>Av\u00eds legal<\/h1>\n<h2>Titularitat de la web i les dades de contacte<\/h2>\n<p><a href=\"https:\/\/deventerconsulting.cat\/\">https:\/\/deventerconsulting.cat\/<\/a> \u00e9s un domini a Internet titularitat de DEVENTER CONSULTING S.L.P.\u00a0 (en adelante, DEVENTER CONSULTING) con CIF\/NIF B61273538 i domicili a C\/ de Proven\u00e7a, 278,\u00a0 1 bis, 08008- BARCELONA. Registre Mercantil de Barcelona, tom 44693, Foli 177, Secci\u00f3n 8, Full 154700, Inscripci\u00f3 5.<\/p>\n<p>La finalitat de la web \u00e9s informar als usuaris sobre els serveis que prestem<\/p>\n<p>Pot posar-se en contatcte amb nosaltres:<\/p>\n<ul>\n<li>Per tel\u00e8fon, al n\u00famero 932 156 348<\/li>\n<li>Per correu electr\u00f2nic, escrivint a info@deventerconsulting.cat<\/li>\n<li>Per escrit, dirigint-se a C\/ de Proven\u00e7a, 278, 1 bis, 08008- BARCELONA<\/li>\n<\/ul>\n<h2>Condicions d&#8217;\u00fas de la web<\/h2>\n<p>Les presents condicions d&#8217;\u00fas regulen l&#8217;acc\u00e9s a aquesta web per part dels clients de\u00a0 DEVENTER CONSULTING i altres usuaris d&#8217;Internet. Per navegar a aquesta web, l&#8217;usuari manifesta la seva acceptaci\u00f3 sense excepcions de les presents condicions d&#8217;\u00fas.<\/p>\n<p>DEVENTER CONSULTING es reserva el dret unilateral de modificar les presents condicions d&#8217;acc\u00e9s a la web, aix\u00ed com els continguts inclosos.<\/p>\n<h2>Limitaci\u00f3 i exclusi\u00f3 de responsabilitat<\/h2>\n<p>El contingut d&#8217;aquesta web \u00e9s de car\u00e0cter general i t\u00e9 una finalitat i efectes exclusivament informatius. DEVENTER CONSULTING\u00a0 no accepta responsabilitat sobre qualsevol informaci\u00f3 no elaborada per ella o publicada al seu nom sense la seva autoritzaci\u00f3, aix\u00ed com responsabilitat derivada de la mala utilitzaci\u00f3 per tercers dels continguts.<\/p>\n<p>L&#8217;usuari eximeix DEVENTER CONSULTING de qualsevol responsabilitat que pogu\u00e9s derivar-se de les interrupcions de disponibilitat de la p\u00e0gina web, ja sigui per mal funcionament del servidor web o de les aplicacions, de les infraestructures de comunicacions o del software i hardware utilitzats per a la navegaci\u00f3.<\/p>\n<p>En cas d&#8217;incloure enlla\u00e7os a d&#8217;altres p\u00e0gines web, DEVENTER CONSULTING declina qualsevol responsabilitat relacionada amb els accessos als mateixos.<\/p>\n<h2>Propietat intellectual i industrial<\/h2>\n<p>La totalitat d&#8217;aquesta web est\u00e0 protegida per les lleis de propietat Intel\u00b7lectual i Industrial. Tret que s&#8217;indiqui el contrari, els drets de propietat intel\u00b7lectual respecte dels continguts corresponen en exclusiva a DEVENTER CONSULTING. L&#8217;usuari reconeix que l&#8217;\u00fas dels continguts es limitar\u00e0 estrictament a finalitats particulars del propi usuari i que la reproducci\u00f3, distribuci\u00f3, comunicaci\u00f3 o transformaci\u00f3 no expressament autoritzada dels continguts mencionats constituiria una infracci\u00f3 dels drets de propietat intel\u00b7lectual.<\/p>\n<p>Aix\u00ed mateix, l&#8217;usuari s&#8217;abstindr\u00e0 d&#8217;aplicar els continguts i principalment la informaci\u00f3 de qualsevol tipus obtinguda mitjan\u00e7ant aquesta web per remetre publicitat o comunicacions amb finalitats de venda directa o de car\u00e0cter comercial; missatges no sol\u00b7licitats dirigits a una pluralitat de persones amb independ\u00e8ncia de la seva finalitat. Tamb\u00e9 s&#8217;abstindr\u00e0 de divulgar de qualsevol manera aquesta informaci\u00f3.<\/p>\n<p><a href=\"https:\/\/deventerconsulting.cat\/\">https:\/\/deventerconsulting.cat\/<\/a> \u00e9s un domini de DEVENTER CONSULTING. No pot ser utilitzat, tret autoritzaci\u00f3 pr\u00e8via i expressa, en connexi\u00f3 amb altres productes o serveis que no siguin propietat de\u00a0 DEVENTER CONSULTING\u00a0 de cap manera que pugui causar confusi\u00f3 entre els nostres clients o descr\u00e8dit de DEVENTER CONSULTING.<\/p>\n<h2>Pol\u00edtica per a enlla\u00e7ar a aquesta web<\/h2>\n<p>Si qualsevol usuari, entitat o p\u00e0gina web desitg\u00e9s establir algun tipus d&#8217;enlla\u00e7 amb destinaci\u00f3 a aquesta web haur\u00e0 de sol\u00b7licitar autoritzaci\u00f3 pr\u00e8via a la realitzaci\u00f3 de l&#8217;enlla\u00e7 i per escrit.<\/p>\n<p>A m\u00e9s, nom\u00e9s es permet enlla\u00e7ar a la p\u00e0gina d&#8217;inici de la web. L&#8217;enlla\u00e7 ha de ser en la seva totalitat i complet, \u00e9s a dir, ha de portar a l&#8217;usuari a la pr\u00f2pia adre\u00e7a de DEVENTER CONSULTING abarcant completament l&#8217;extensi\u00f3 de la pantalla de la p\u00e0gina que cont\u00e9 l&#8217;enlla\u00e7. En cap cas, excepte autoritzaci\u00f3 expressa i per escrit de DEVENTER CONSULTING\u00a0 la p\u00e0gina que en realitzi l&#8217;enlla\u00e7 en cap moment podr\u00e0 reproduir la web DEVENTER CONSULTING\u00a0 ni incloure-la com a part del seu web ni dins d&#8217;un dels seus marcs sobre qualsevol de les p\u00e0gines o continguts de la present web.<\/p>\n<p>No s&#8217;inclour\u00e0 cap manifestaci\u00f3 falsa, inexacta o incorrecta sobre les p\u00e0gines d&#8217;aquesta web o els serveis que en ella s&#8217;ofereixen.<\/p>\n<p>L&#8217;enlla\u00e7 no contindr\u00e0 cap marca, nom comercial, r\u00e8tol d&#8217;establiment, denominaci\u00f3, logotip, esl\u00f2gan o altres signes distintius pertanyents a DEVENTER CONSULTING.<\/p>\n<p>En cap circumst\u00e0ncia DEVENTER CONSULTING\u00a0 no ser\u00e0 responsable dels continguts o serveis posats a la disposici\u00f3 del p\u00fablic a la p\u00e0gina web des de la qual es realitzi l&#8217;enlla\u00e7 ni de les informacions o manifestacions incloses en les mateixes.<\/p>\n<h2>Cookies<\/h2>\n<p>Aquesta web utilitza cookies pr\u00f2pies i de tercers per a diverses finalitats incloent anal\u00edtiques i publicit\u00e0ries adaptades als interessos de l&#8217;usuari. Pot configurar les seves prefer\u00e8ncies en qualsevol moment mitjan\u00e7ant el sistema de configuraci\u00f3 de cookies integrat en aquest lloc web, podr\u00e0 activar \/ desactivar l&#8217;\u00fas de cookies segons les seves finalitats.<\/p>\n<p>Llegeixi detingudament la nostra pol\u00edtica de cookies per con\u00e8ixer les tipologies de cookies emprades, i com bloquejar-les o esborrar-les al seu navegador.<\/p>\n<h2>Prevalen\u00e7a de la versi\u00f3 espanyola<\/h2>\n<p>En cas que es tradueixi aquest av\u00eds legal a d&#8217;altres idiomes, quan existeixi alguna discrep\u00e0ncia, la versi\u00f3 espanyola prevaldr\u00e0.<\/p>\n<h2>Legislaci\u00f3 i Jurisdicci\u00f3 aplicable<\/h2>\n<p>El present Av\u00eds Legal aix\u00ed com les relacions entre DEVENTER CONSULTING i els usuaris es regiran per la normativa espanyola vigent i qualsevol controv\u00e8rsia se sotmetr\u00e0 als Jutjats i Tribunals de\u00a0 Barcelona, excepte en el cas de consumidors i usuaris on s&#8217;aplicar\u00e0 el fur imperatiu dels jutjats que corresponguin al seu domicili.<\/p>\n<p>\u00a9 DEVENTER CONSULTING<\/p>\n[\/vc_column_text][\/vc_column][\/vc_row]\n","protected":false},"excerpt":{"rendered":"<p>[vc_row type=&#8221;in_container&#8221; full_screen_row_position=&#8221;middle&#8221; column_margin=&#8221;default&#8221; column_direction=&#8221;default&#8221; column_direction_tablet=&#8221;default&#8221; column_direction_phone=&#8221;default&#8221; scene_position=&#8221;center&#8221; text_color=&#8221;dark&#8221; text_align=&#8221;left&#8221; row_border_radius=&#8221;none&#8221; row_border_radius_applies=&#8221;bg&#8221; id=&#8221;disclaimer&#8221; overlay_strength=&#8221;0.3&#8243; gradient_direction=&#8221;left_to_right&#8221; shape_divider_position=&#8221;bottom&#8221; bg_image_animation=&#8221;none&#8221;][vc_column column_padding=&#8221;no-extra-padding&#8221; column_padding_tablet=&#8221;inherit&#8221; column_padding_phone=&#8221;inherit&#8221; column_padding_position=&#8221;all&#8221; background_color_opacity=&#8221;1&#8243; background_hover_color_opacity=&#8221;1&#8243; column_shadow=&#8221;none&#8221; column_border_radius=&#8221;none&#8221; column_link_target=&#8221;_self&#8221; gradient_direction=&#8221;left_to_right&#8221; overlay_strength=&#8221;0.3&#8243; width=&#8221;1\/1&#8243; tablet_width_inherit=&#8221;default&#8221;&#8230;<\/p>\n","protected":false},"author":2,"featured_media":0,"parent":0,"menu_order":0,"comment_status":"closed","ping_status":"closed","template":"","meta":{"footnotes":""},"yoast_head":"<!-- This site is optimized with the Yoast SEO plugin v23.5 - https:\/\/yoast.com\/wordpress\/plugins\/seo\/ -->\n<title>Av\u00eds legal - Deventer Consulting - Consultores fiscales en Barcelona<\/title>\n<meta name=\"description\" content=\"Podeu trobar el nostre av\u00eds legal a Deventer Consulting aqu\u00ed.\" \/>\n<meta name=\"robots\" content=\"index, follow, max-snippet:-1, max-image-preview:large, max-video-preview:-1\" \/>\n<link rel=\"canonical\" href=\"https:\/\/deventerconsulting.com\/ca\/avis-legal\/\" \/>\n<meta property=\"og:locale\" content=\"ca_ES\" \/>\n<meta property=\"og:type\" content=\"article\" \/>\n<meta property=\"og:title\" content=\"Av\u00eds legal - Deventer Consulting - Consultores fiscales en Barcelona\" \/>\n<meta property=\"og:description\" content=\"Podeu trobar el nostre av\u00eds legal a Deventer Consulting aqu\u00ed.\" \/>\n<meta property=\"og:url\" content=\"https:\/\/deventerconsulting.com\/ca\/avis-legal\/\" \/>\n<meta property=\"og:site_name\" content=\"Deventer Consulting\" \/>\n<meta property=\"article:modified_time\" content=\"2023-01-05T15:23:23+00:00\" \/>\n<meta name=\"twitter:card\" content=\"summary_large_image\" \/>\n<meta name=\"twitter:label1\" content=\"Temps estimat de lectura\" \/>\n\t<meta name=\"twitter:data1\" content=\"4 minuts\" \/>\n<script type=\"application\/ld+json\" class=\"yoast-schema-graph\">{\"@context\":\"https:\/\/schema.org\",\"@graph\":[{\"@type\":\"WebPage\",\"@id\":\"https:\/\/deventerconsulting.com\/ca\/avis-legal\/\",\"url\":\"https:\/\/deventerconsulting.com\/ca\/avis-legal\/\",\"name\":\"Av\u00eds legal - Deventer Consulting - Consultores fiscales en Barcelona\",\"isPartOf\":{\"@id\":\"https:\/\/deventerconsulting.com\/#website\"},\"datePublished\":\"2016-07-20T15:03:22+00:00\",\"dateModified\":\"2023-01-05T15:23:23+00:00\",\"description\":\"Podeu trobar el nostre av\u00eds legal a Deventer Consulting aqu\u00ed.\",\"breadcrumb\":{\"@id\":\"https:\/\/deventerconsulting.com\/ca\/avis-legal\/#breadcrumb\"},\"inLanguage\":\"ca\",\"potentialAction\":[{\"@type\":\"ReadAction\",\"target\":[\"https:\/\/deventerconsulting.com\/ca\/avis-legal\/\"]}]},{\"@type\":\"BreadcrumbList\",\"@id\":\"https:\/\/deventerconsulting.com\/ca\/avis-legal\/#breadcrumb\",\"itemListElement\":[{\"@type\":\"ListItem\",\"position\":1,\"name\":\"Portada\",\"item\":\"https:\/\/deventerconsulting.com\/ca\/\"},{\"@type\":\"ListItem\",\"position\":2,\"name\":\"Av\u00eds legal\"}]},{\"@type\":\"WebSite\",\"@id\":\"https:\/\/deventerconsulting.com\/#website\",\"url\":\"https:\/\/deventerconsulting.com\/\",\"name\":\"Deventer Consulting\",\"description\":\"Gestor\u00eda de contabilidad internacional en Barcelona\",\"potentialAction\":[{\"@type\":\"SearchAction\",\"target\":{\"@type\":\"EntryPoint\",\"urlTemplate\":\"https:\/\/deventerconsulting.com\/?s={search_term_string}\"},\"query-input\":{\"@type\":\"PropertyValueSpecification\",\"valueRequired\":true,\"valueName\":\"search_term_string\"}}],\"inLanguage\":\"ca\"}]}<\/script>\n<!-- \/ Yoast SEO plugin. -->","yoast_head_json":{"title":"Av\u00eds legal - Deventer Consulting - Consultores fiscales en Barcelona","description":"Podeu trobar el nostre av\u00eds legal a Deventer Consulting aqu\u00ed.","robots":{"index":"index","follow":"follow","max-snippet":"max-snippet:-1","max-image-preview":"max-image-preview:large","max-video-preview":"max-video-preview:-1"},"canonical":"https:\/\/deventerconsulting.com\/ca\/avis-legal\/","og_locale":"ca_ES","og_type":"article","og_title":"Av\u00eds legal - Deventer Consulting - Consultores fiscales en Barcelona","og_description":"Podeu trobar el nostre av\u00eds legal a Deventer Consulting aqu\u00ed.","og_url":"https:\/\/deventerconsulting.com\/ca\/avis-legal\/","og_site_name":"Deventer Consulting","article_modified_time":"2023-01-05T15:23:23+00:00","twitter_card":"summary_large_image","twitter_misc":{"Temps estimat de lectura":"4 minuts"},"schema":{"@context":"https:\/\/schema.org","@graph":[{"@type":"WebPage","@id":"https:\/\/deventerconsulting.com\/ca\/avis-legal\/","url":"https:\/\/deventerconsulting.com\/ca\/avis-legal\/","name":"Av\u00eds legal - Deventer Consulting - Consultores fiscales en Barcelona","isPartOf":{"@id":"https:\/\/deventerconsulting.com\/#website"},"datePublished":"2016-07-20T15:03:22+00:00","dateModified":"2023-01-05T15:23:23+00:00","description":"Podeu trobar el nostre av\u00eds legal a Deventer Consulting aqu\u00ed.","breadcrumb":{"@id":"https:\/\/deventerconsulting.com\/ca\/avis-legal\/#breadcrumb"},"inLanguage":"ca","potentialAction":[{"@type":"ReadAction","target":["https:\/\/deventerconsulting.com\/ca\/avis-legal\/"]}]},{"@type":"BreadcrumbList","@id":"https:\/\/deventerconsulting.com\/ca\/avis-legal\/#breadcrumb","itemListElement":[{"@type":"ListItem","position":1,"name":"Portada","item":"https:\/\/deventerconsulting.com\/ca\/"},{"@type":"ListItem","position":2,"name":"Av\u00eds legal"}]},{"@type":"WebSite","@id":"https:\/\/deventerconsulting.com\/#website","url":"https:\/\/deventerconsulting.com\/","name":"Deventer Consulting","description":"Gestor\u00eda de contabilidad internacional en Barcelona","potentialAction":[{"@type":"SearchAction","target":{"@type":"EntryPoint","urlTemplate":"https:\/\/deventerconsulting.com\/?s={search_term_string}"},"query-input":{"@type":"PropertyValueSpecification","valueRequired":true,"valueName":"search_term_string"}}],"inLanguage":"ca"}]}},"_links":{"self":[{"href":"https:\/\/deventerconsulting.com\/ca\/wp-json\/wp\/v2\/pages\/7198"}],"collection":[{"href":"https:\/\/deventerconsulting.com\/ca\/wp-json\/wp\/v2\/pages"}],"about":[{"href":"https:\/\/deventerconsulting.com\/ca\/wp-json\/wp\/v2\/types\/page"}],"author":[{"embeddable":true,"href":"https:\/\/deventerconsulting.com\/ca\/wp-json\/wp\/v2\/users\/2"}],"replies":[{"embeddable":true,"href":"https:\/\/deventerconsulting.com\/ca\/wp-json\/wp\/v2\/comments?post=7198"}],"version-history":[{"count":3,"href":"https:\/\/deventerconsulting.com\/ca\/wp-json\/wp\/v2\/pages\/7198\/revisions"}],"predecessor-version":[{"id":20623,"href":"https:\/\/deventerconsulting.com\/ca\/wp-json\/wp\/v2\/pages\/7198\/revisions\/20623"}],"wp:attachment":[{"href":"https:\/\/deventerconsulting.com\/ca\/wp-json\/wp\/v2\/media?parent=7198"}],"curies":[{"name":"wp","href":"https:\/\/api.w.org\/{rel}","templated":true}]}}